{"id":77,"date":"2022-03-12T13:51:25","date_gmt":"2022-03-12T12:51:25","guid":{"rendered":"https:\/\/www.paris-caviar.fr\/?page_id=77"},"modified":"2024-10-23T19:02:23","modified_gmt":"2024-10-23T17:02:23","slug":"presse","status":"publish","type":"page","link":"https:\/\/www.paris-caviar.fr\/?page_id=77","title":{"rendered":"Presse"},"content":{"rendered":"\n<div class=\"wp-block-cover alignfull wp-duotone-unset-4\" style=\"margin-top:0;padding-top:6vw;padding-right:6vw;padding-bottom:6vw;padding-left:6vw\"><span aria-hidden=\"true\" class=\"wp-block-cover__background has-background-dim-100 has-background-dim\" style=\"background-color:#1b406b\"><\/span><div class=\"wp-block-cover__inner-container is-layout-flow wp-block-cover-is-layout-flow\">\n<div class=\"wp-block-group is-content-justification-center is-layout-flex wp-container-core-group-is-layout-6546ee5a wp-block-group-is-layout-flex\">\n<div class=\"wp-block-group alignwide wp-container-content-ceb7f5b3 is-content-justification-left\"><div class=\"wp-block-group__inner-container is-layout-constrained wp-container-core-group-is-layout-9aeb1ad9 wp-block-group-is-layout-constrained\">\n<h2 class=\"wp-block-heading alignwide has-text-align-left has-contrast-color has-text-color\" style=\"font-size:31px;font-style:normal;font-weight:500;line-height:0.9;text-transform:none\"><div id=\"fullcontent\"><div id=\"full_content\"><div id=\"content\"><div role=\"main\" id=\"maincontent\" class=\"art-single\"><div class=\"gap\"><div class=\"post\" id=\"post-382099\"><h2 id=\"titre_article2\"><\/h2><h2 id=\"titre_article2\">La Cr\u00e8me de la Cr\u00e8me \u2013 Alessandra Montagne chez Nosso :  \u00ab&nbsp; \u00e0 Rungis, on trouve ce qu\u2019il y a de mieux en France&nbsp;\u00bb<\/h2><\/div><\/div><\/div><\/div><\/div><\/div><\/h2>\n\n\n\n<div style=\"height:24px\" aria-hidden=\"true\" class=\"wp-block-spacer\"><\/div>\n\n\n\n<p class=\"has-text-align-left has-contrast-color has-text-color\">Son partenaire de confiance au MIN, et ce depuis 12 ans ? Il se nomme <a href=\"http:\/\/www.paris-caviar.fr\" target=\"_blank\" rel=\"noreferrer noopener\">Paris Caviar<\/a> et a fait de la mar\u00e9e haut de gamme son terrain de jeu, ravitaillant cette toque solaire avec les meilleurs poissons de ligne comme en caviar de premier choix.<\/p>\n\n\n\n<p class=\"has-text-align-left has-contrast-color has-text-color\">L\u2019une des sp\u00e9cialit\u00e9s de la maison qui conditionne directement les grains d\u2019or noir dans son laboratoire \u00e0 Rungis, sans oublier d\u2019assurer la partie filetage \u2013 d\u00e9coupe, grattage, \u00e9vidage, pr\u00e9paration \u2013 pour r\u00e9pondre en \u00ab sur-mesure \u00bb aux demandes vari\u00e9es des chefs pour le poisson frais.<\/p>\n\n\n\n<div style=\"height:60px\" aria-hidden=\"true\" class=\"wp-block-spacer\"><\/div>\n\n\n\n<div class=\"wp-block-buttons is-content-justification-left is-nowrap is-layout-flex wp-container-core-buttons-is-layout-6447b855 wp-block-buttons-is-layout-flex\">\n<div class=\"wp-block-button has-custom-font-size is-style-outline is-style-outline--1\" style=\"font-size:16px;font-style:normal;font-weight:500;letter-spacing:0px;text-transform:uppercase\"><a class=\"wp-block-button__link has-base-color has-text-color has-background wp-element-button\" href=\"https:\/\/www.gillespudlowski.com\/382099\/produits\/la-creme-de-la-creme-alessandra-montagne-chez-nosso-a-rungis-on-trouve-ce-quil-y-a-mieux-en-france\" style=\"border-radius:0px;background-color:#1b406b;padding-top:24px;padding-right:48px;padding-bottom:24px;padding-left:48px\">Lire la suite<\/a><\/div>\n<\/div>\n<\/div><\/div>\n\n\n\n<div class=\"wp-block-group is-content-justification-right is-nowrap is-layout-flex wp-container-core-group-is-layout-ba11ac9d wp-block-group-is-layout-flex\">\n<div class=\"wp-block-group wp-container-content-0733e5d0\"><div class=\"wp-block-group__inner-container is-layout-flow wp-block-group-is-layout-flow\">\n<div style=\"height:8vw\" aria-hidden=\"true\" class=\"wp-block-spacer\"><\/div>\n\n\n\n<figure class=\"wp-block-image size-full wp-container-content-0733e5d0 wp-duotone-1b406b-ffffff-2\"><img loading=\"lazy\" decoding=\"async\" width=\"576\" height=\"1024\" src=\"https:\/\/www.paris-caviar.fr\/wp-content\/uploads\/2024\/10\/une-cuiller-de-caviar-mr-.jpg\" alt=\"\" class=\"wp-image-890\" srcset=\"https:\/\/www.paris-caviar.fr\/wp-content\/uploads\/2024\/10\/une-cuiller-de-caviar-mr-.jpg 576w, https:\/\/www.paris-caviar.fr\/wp-content\/uploads\/2024\/10\/une-cuiller-de-caviar-mr--169x300.jpg 169w\" sizes=\"auto, (max-width: 576px) 100vw, 576px\" \/><\/figure>\n<\/div><\/div>\n\n\n\n<figure class=\"wp-block-image size-full is-style-default wp-container-content-0733e5d0 wp-duotone-rgb2764107-rgb255255255-3\"><img loading=\"lazy\" decoding=\"async\" width=\"239\" height=\"425\" src=\"https:\/\/www.paris-caviar.fr\/wp-content\/uploads\/2024\/10\/vincent-brun-et-alessandra-montagne-mr-1-1.jpg\" alt=\"\" class=\"wp-image-871\" srcset=\"https:\/\/www.paris-caviar.fr\/wp-content\/uploads\/2024\/10\/vincent-brun-et-alessandra-montagne-mr-1-1.jpg 239w, https:\/\/www.paris-caviar.fr\/wp-content\/uploads\/2024\/10\/vincent-brun-et-alessandra-montagne-mr-1-1-169x300.jpg 169w\" sizes=\"auto, (max-width: 239px) 100vw, 239px\" \/><figcaption class=\"wp-element-caption\">Vincent Brun et Alessandra Montagne \u00a9 MR<\/figcaption><\/figure>\n<\/div>\n<\/div>\n<\/div><\/div>\n\n\n\n<div class=\"wp-block-columns alignwide is-layout-flex wp-container-core-columns-is-layout-9d6595d7 wp-block-columns-is-layout-flex\">\n<div class=\"wp-block-column is-layout-flow wp-block-column-is-layout-flow\"><\/div>\n\n\n\n<div class=\"wp-block-column has-text-color has-link-color wp-elements-46560b5a15b765f77c5887aef4706145 is-layout-flow wp-block-column-is-layout-flow\" style=\"color:#000000;padding-top:2em;padding-right:2em;padding-bottom:2em;padding-left:2em\">\n<div class=\"wp-block-buttons alignfull is-horizontal is-content-justification-center is-layout-flex wp-container-core-buttons-is-layout-499968f5 wp-block-buttons-is-layout-flex\"><\/div>\n\n\n\n<p>Rungis, un oc\u00e9an de qualit\u00e9\u2026<\/p>\n\n\n\n<p>Dirigeants de la soci\u00e9t\u00e9 Paris Caviar, Jean-Michel Buisson et son \u00e9pouse Laurence privil\u00e9gient la qualit\u00e9 des produits de la p\u00eache fran\u00e7aise pour la plus grande satisfaction de leurs clients\u2026<\/p>\n\n\n\n<p><strong>Extrait RUNGIS ACTUALIT\u00e9S &#8211; 43e ann\u00e9e &#8211; Mensuel &#8211; N\u00ac\u221e677 &#8211; Mai 2012<\/strong><\/p>\n<\/div>\n\n\n\n<div class=\"wp-block-column is-layout-flow wp-block-column-is-layout-flow\"><\/div>\n<\/div>\n\n\n\n<p><\/p>\n\n\n\n<div class=\"wp-block-columns is-layout-flex wp-container-core-columns-is-layout-9d6595d7 wp-block-columns-is-layout-flex\">\n<div class=\"wp-block-column is-layout-flow wp-block-column-is-layout-flow\">\n<div class=\"wp-block-columns is-layout-flex wp-container-core-columns-is-layout-9d6595d7 wp-block-columns-is-layout-flex\">\n<div class=\"wp-block-column is-layout-flow wp-block-column-is-layout-flow\"><\/div>\n\n\n\n<div class=\"wp-block-column is-layout-flow wp-block-column-is-layout-flow\" style=\"flex-basis:33.33%\">\n<blockquote class=\"wp-block-quote is-layout-flow wp-block-quote-is-layout-flow\">\n<p>A QUAND REMONTE LA SOCI\u00c9T\u00c9 ?<\/p>\n<\/blockquote>\n<\/div>\n\n\n\n<div class=\"wp-block-column is-layout-flow wp-block-column-is-layout-flow\" style=\"flex-basis:66.66%\">\n<blockquote class=\"wp-block-quote is-layout-flow wp-block-quote-is-layout-flow\">\n<p>En 1998, nous avons cr\u00e9\u00e9 notre soci\u00e9t\u00e9 pour \u00eatre ind\u00e9pendants. Nous avons d\u00e9couvert le caviar et nous nous sommes d\u00e9cid\u00e9s \u00e0 le commercialiser. Notre entreprise, Paris Caviar, \u00e9tait situ\u00e9e au 130, rue Lecourbe \u00e0 Paris XVe, o\u00f9 nous avons toujours un magasin de d\u00e9tail. Au d\u00e9but, nous \u00e9tions d\u00e9taillant et grossiste car nous revendions \u00e0 des soci\u00e9t\u00e9s qui fournissaient la restauration\u2026 Nous commercialisions tous les types de caviar, tous les \u0153ufs de poissons, les saumons fum\u00e9s (\u00e9levage et sauvage) et les diff\u00e9rents produits d\u00e9riv\u00e9s (vodka, blinis\u2026). Paris Caviar est \u00e0 la fois notre raison sociale et notre marque\u2026 Nous avons d\u00e9velopp\u00e9 notre entreprise avec le rachat de la client\u00e8le de la derni\u00e8re soci\u00e9t\u00e9 dans laquelle j&rsquo;\u00e9tais employ\u00e9 et qui avait cess\u00e9 son activit\u00e9. Il s&rsquo;agissait de brasseries et de restaurants traditionnels de qualit\u00e9.<\/p>\n<cite>Jean-Michel Buisson : op\u00e9rateur<\/cite><\/blockquote>\n<\/div>\n\n\n\n<div class=\"wp-block-column is-layout-flow wp-block-column-is-layout-flow\"><\/div>\n<\/div>\n\n\n\n<div class=\"wp-block-columns is-layout-flex wp-container-core-columns-is-layout-9d6595d7 wp-block-columns-is-layout-flex\">\n<div class=\"wp-block-column is-layout-flow wp-block-column-is-layout-flow\">\n<div class=\"wp-block-columns is-layout-flex wp-container-core-columns-is-layout-9d6595d7 wp-block-columns-is-layout-flex\">\n<div class=\"wp-block-column is-layout-flow wp-block-column-is-layout-flow\"><\/div>\n\n\n\n<div class=\"wp-block-column is-layout-flow wp-block-column-is-layout-flow\" style=\"flex-basis:33.33%\">\n<blockquote class=\"wp-block-quote is-layout-flow wp-block-quote-is-layout-flow\">\n<p>COMMENT S&rsquo;EST-ELLE D\u00c9VELOPP\u00c9E ?<\/p>\n<\/blockquote>\n<\/div>\n\n\n\n<div class=\"wp-block-column is-layout-flow wp-block-column-is-layout-flow\" style=\"flex-basis:66.66%\">\n<blockquote class=\"wp-block-quote is-layout-flow wp-block-quote-is-layout-flow\">\n<p>Nous avons continu\u00e9 \u00e0 prospecter de nouveaux clients et nous avons pens\u00e9 qu&rsquo;il \u00e9tait plus judicieux de s&rsquo;installer directement \u00e0 Rungis o\u00f9 nous faisions d\u00e9j\u00e0 un certain nombre d&rsquo;achats. Ce qui fut fait en 2005\u2026 Nous sommes pass\u00e9s \u00e0 la vitesse sup\u00e9rieure avec la mise en place d&rsquo;un atelier de filetage, un service de livraison avec nos propres camions frigorifiques \u00e9quip\u00e9s de GPS. R\u00e9guli\u00e8rement soumise aux contr\u00f4les de la DSV (direction des services v\u00e9t\u00e9rinaires) et conforme aux normes HACCP, notre entreprise dispose d&rsquo;un agr\u00e9ment sanitaire. En augmentant notre client\u00e8le, nous avons aussi \u00e9tendu notre gamme \u00e0 tous les produits de la mer. Il a fallu se \u00ac\u00b4 caler \u00ac\u00aa sur la demande de nos clients qui sont pour 90% la restauration parisienne et francilienne dont une bonne partie \u00ac\u00b4 \u00e9toil\u00e9e \u00ac\u00aa, et pour les 10% restants, des traiteurs, des collectivit\u00e9s, la RHF (restaurants d&rsquo;entreprises)\u2026 Pour eux, nous r\u00e9alisons de plus en plus de produits finis sur-mesure, des produits portionn\u00e9s pr\u00eats \u00e0 cuire, pr\u00eats \u00e0 \u00eatre cuisin\u00e9s\u2026 Nous sommes tr\u00e8s r\u00e9actifs vis-\u00e0-vis de nos clients et chez nous, les prises de commandes se font 24h \/ 24. Nous avons une \u00e9quipe performante, s\u00e9rieuse et dynamique, comprenant trois commerciaux, un fileteur et trois livreurs. Arriv\u00e9 dans la soci\u00e9t\u00e9 il y a cinq ans apr\u00e8s des \u00e9tudes commerciales, notre fils Nicolas (25 ans) est responsable de toute l&rsquo;activit\u00e9 de nuit (arrivages, personnel, filetage et pr\u00e9parations de commandes\u2026).<\/p>\n<cite>Jean-Michel Buisson : op\u00e9rateur<\/cite><\/blockquote>\n<\/div>\n<\/div>\n<\/div>\n<\/div>\n<\/div>\n<\/div>\n","protected":false},"excerpt":{"rendered":"<p>Rungis, un oc\u00e9an de qualit\u00e9\u2026 Dirigeants de la soci\u00e9t\u00e9 Paris Caviar, Jean-Michel Buisson et son \u00e9pouse Laurence privil\u00e9gient la qualit\u00e9 des produits de la p\u00eache fran\u00e7aise pour la plus grande&hellip;<\/p>\n","protected":false},"author":1,"featured_media":0,"parent":0,"menu_order":0,"comment_status":"closed","ping_status":"closed","template":"template-full-width.php","meta":{"footnotes":""},"class_list":["post-77","page","type-page","status-publish","hentry"],"_links":{"self":[{"href":"https:\/\/www.paris-caviar.fr\/index.php?rest_route=\/wp\/v2\/pages\/77","targetHints":{"allow":["GET"]}}],"collection":[{"href":"https:\/\/www.paris-caviar.fr\/index.php?rest_route=\/wp\/v2\/pages"}],"about":[{"href":"https:\/\/www.paris-caviar.fr\/index.php?rest_route=\/wp\/v2\/types\/page"}],"author":[{"embeddable":true,"href":"https:\/\/www.paris-caviar.fr\/index.php?rest_route=\/wp\/v2\/users\/1"}],"replies":[{"embeddable":true,"href":"https:\/\/www.paris-caviar.fr\/index.php?rest_route=%2Fwp%2Fv2%2Fcomments&post=77"}],"version-history":[{"count":40,"href":"https:\/\/www.paris-caviar.fr\/index.php?rest_route=\/wp\/v2\/pages\/77\/revisions"}],"predecessor-version":[{"id":986,"href":"https:\/\/www.paris-caviar.fr\/index.php?rest_route=\/wp\/v2\/pages\/77\/revisions\/986"}],"wp:attachment":[{"href":"https:\/\/www.paris-caviar.fr\/index.php?rest_route=%2Fwp%2Fv2%2Fmedia&parent=77"}],"curies":[{"name":"wp","href":"https:\/\/api.w.org\/{rel}","templated":true}]}}