{"id":35,"date":"2022-03-12T12:25:18","date_gmt":"2022-03-12T11:25:18","guid":{"rendered":"https:\/\/www.paris-caviar.fr\/?page_id=35"},"modified":"2024-11-07T16:55:01","modified_gmt":"2024-11-07T15:55:01","slug":"a-propos-de-paris-caviar","status":"publish","type":"page","link":"https:\/\/www.paris-caviar.fr\/?page_id=35","title":{"rendered":"La soci\u00e9t\u00e9"},"content":{"rendered":"\n<div class=\"wp-block-media-text alignfull is-stacked-on-mobile is-vertically-aligned-center is-style-default\"><figure class=\"wp-block-media-text__media\"><img loading=\"lazy\" decoding=\"async\" width=\"1024\" height=\"690\" src=\"https:\/\/www.paris-caviar.fr\/wp-content\/uploads\/2024\/11\/fond_societe-1024x690.png\" alt=\"\" class=\"wp-image-1069 size-full\" srcset=\"https:\/\/www.paris-caviar.fr\/wp-content\/uploads\/2024\/11\/fond_societe-1024x690.png 1024w, https:\/\/www.paris-caviar.fr\/wp-content\/uploads\/2024\/11\/fond_societe-300x202.png 300w, https:\/\/www.paris-caviar.fr\/wp-content\/uploads\/2024\/11\/fond_societe-768x518.png 768w, https:\/\/www.paris-caviar.fr\/wp-content\/uploads\/2024\/11\/fond_societe-1536x1035.png 1536w, https:\/\/www.paris-caviar.fr\/wp-content\/uploads\/2024\/11\/fond_societe-1920x1294.png 1920w, https:\/\/www.paris-caviar.fr\/wp-content\/uploads\/2024\/11\/fond_societe.png 2048w\" sizes=\"auto, (max-width: 1024px) 100vw, 1024px\" \/><\/figure><div class=\"wp-block-media-text__content\">\n<h2 class=\"wp-block-heading has-text-color\" style=\"color:#000000\"><strong>Paris Caviar depuis 1998<\/strong><\/h2>\n\n\n\n<p class=\"has-text-color has-small-font-size\" style=\"color:#636363;line-height:1.1\">Paris Caviar, fond\u00e9e en 1998, est une soci\u00e9t\u00e9 bas\u00e9e \u00e0 Rungis sp\u00e9cialis\u00e9e dans la commercialisation et la distribution de produits de la mer en France et en Europe. Elle se distingue par son acc\u00e8s direct aux p\u00eacheurs fran\u00e7ais et \u00e9trangers, garantissant ainsi une ma\u00eetrise compl\u00e8te des op\u00e9rations, de la p\u00eache \u00e0 la distribution. <\/p>\n\n\n\n<p class=\"has-text-color has-small-font-size\" style=\"color:#636363;line-height:1.1\">L\u2019entreprise poss\u00e8de un atelier de filetage, ce qui lui permet d\u2019assurer la transformation sur mesure de ses produits et de r\u00e9pondre pr\u00e9cis\u00e9ment aux besoins de sa client\u00e8le, compos\u00e9e principalement de restaurants et de traiteurs, allant des \u00e9tablissements de luxe aux plus modestes. <\/p>\n\n\n\n<p class=\"has-text-color has-small-font-size\" style=\"color:#636363;line-height:1.1\">Paris Caviar assure des livraisons du mardi au samedi matin avec ses propres camions frigorifiques, garantissant ainsi le respect de la cha\u00eene du froid. Sa gamme de produits est tr\u00e8s vari\u00e9e, comprenant des poissons nobles, des saumonid\u00e9s, des c\u00e9phalopodes, des crustac\u00e9s, des coquillages ainsi que des produits d\u00e9riv\u00e9s comme le caviar et le saumon fum\u00e9.L\u2019entreprise veille strictement aux normes d\u2019hygi\u00e8ne gr\u00e2ce \u00e0 son laboratoire de filetage interne, garantissant ainsi une qualit\u00e9 irr\u00e9prochable pour ses clients.<\/p>\n\n\n\n<p class=\"has-text-color has-small-font-size\" style=\"color:#636363;line-height:1.1\">Gr\u00e2ce \u00e0 sa flexibilit\u00e9 et son \u00e9coute, Paris Caviar a su \u00e9tablir des relations de confiance durables avec ses clients.<\/p>\n<\/div><\/div>\n\n\n\n<div class=\"wp-block-media-text alignfull has-media-on-the-right is-stacked-on-mobile is-vertically-aligned-center is-style-default\"><div class=\"wp-block-media-text__content\">\n<h2 class=\"wp-block-heading has-text-color\" style=\"color:#000000\"><strong>Traitement des produits<\/strong><\/h2>\n\n\n\n<p class=\"has-text-color has-small-font-size\" style=\"color:#636363;line-height:1.1\">\u00c0 l\u2019arriv\u00e9e des produits, Paris Caviar effectue un contr\u00f4le qualit\u00e9 et un calibrage. Les poissons \u00e0 \u00e9cailles sont \u00e9caill\u00e9s, rinc\u00e9s, et le poste de travail est nettoy\u00e9 avant le filetage. L\u2019entreprise r\u00e9alise diff\u00e9rentes transformations (filets, pav\u00e9s, darnes) selon la taille et le type de poisson. Apr\u00e8s d\u00e9coupe, les produits sont emball\u00e9s dans des caisses en polystyr\u00e8ne, pes\u00e9s, \u00e9tiquet\u00e9s et remplis de glace pour garantir la fra\u00eecheur, avant d\u2019\u00eatre livr\u00e9s dans des camionsfrigorifiques le matin.<\/p>\n<\/div><figure class=\"wp-block-media-text__media\"><img loading=\"lazy\" decoding=\"async\" width=\"475\" height=\"200\" src=\"https:\/\/www.paris-caviar.fr\/wp-content\/uploads\/2022\/03\/contact-commande.jpg\" alt=\"\" class=\"wp-image-142 size-full\" srcset=\"https:\/\/www.paris-caviar.fr\/wp-content\/uploads\/2022\/03\/contact-commande.jpg 475w, https:\/\/www.paris-caviar.fr\/wp-content\/uploads\/2022\/03\/contact-commande-300x126.jpg 300w\" sizes=\"auto, (max-width: 475px) 100vw, 475px\" \/><\/figure><\/div>\n\n\n\n<div class=\"wp-block-media-text alignfull is-stacked-on-mobile is-vertically-aligned-center is-style-default\"><figure class=\"wp-block-media-text__media\"><img loading=\"lazy\" decoding=\"async\" width=\"1024\" height=\"768\" src=\"https:\/\/www.paris-caviar.fr\/wp-content\/uploads\/2024\/10\/equipe-1024x768.jpeg\" alt=\"\" class=\"wp-image-1035 size-full\" srcset=\"https:\/\/www.paris-caviar.fr\/wp-content\/uploads\/2024\/10\/equipe-1024x768.jpeg 1024w, https:\/\/www.paris-caviar.fr\/wp-content\/uploads\/2024\/10\/equipe-300x225.jpeg 300w, https:\/\/www.paris-caviar.fr\/wp-content\/uploads\/2024\/10\/equipe-768x576.jpeg 768w, https:\/\/www.paris-caviar.fr\/wp-content\/uploads\/2024\/10\/equipe-1536x1152.jpeg 1536w, https:\/\/www.paris-caviar.fr\/wp-content\/uploads\/2024\/10\/equipe-2048x1536.jpeg 2048w, https:\/\/www.paris-caviar.fr\/wp-content\/uploads\/2024\/10\/equipe-1920x1440.jpeg 1920w\" sizes=\"auto, (max-width: 1024px) 100vw, 1024px\" \/><\/figure><div class=\"wp-block-media-text__content\">\n<h2 class=\"wp-block-heading has-text-color\" style=\"color:#000000\"><strong>L&rsquo;\u00e9quipe<\/strong><\/h2>\n\n\n\n<p class=\"has-small-font-size\" style=\"font-style:normal;font-weight:300\">Pr\u00e9sident : <strong>Jean-Michel Buisson<\/strong><br>Directeur G\u00e9n\u00e9ral : <strong>Nicolas Buisson<\/strong><br>Directeur commercial : <strong>Vincent Brun<\/strong><br>Directrice administrative et financi\u00e8re : <strong>Ana\u00efs Buisson<\/strong><br>Commercaiux : <strong>3<\/strong><br>T\u00e9l\u00e9 vendeur : <strong>1<\/strong><br>Pr\u00e9parateurs de commande : <strong>2<\/strong><br>Fileteur : <strong>1<\/strong><br>Chauffeurs : <strong>4<\/strong><\/p>\n<\/div><\/div>\n\n\n\n<div class=\"wp-block-media-text has-media-on-the-right is-stacked-on-mobile is-image-fill\"><div class=\"wp-block-media-text__content\">\n<h2 class=\"wp-block-heading\">Informations juridiques<\/h2>\n\n\n\n<figure class=\"wp-block-table is-style-stripes has-small-font-size\"><table class=\"has-fixed-layout\"><tbody><tr><th class=\"has-text-align-left\" data-align=\"left\">SIREN :<\/th><td>420 389 983<\/td><\/tr><tr><th class=\"has-text-align-left\" data-align=\"left\">SIRET (si\u00e8ge) :<\/th><td>420 389 983 00040<\/td><\/tr><tr><th class=\"has-text-align-left\" data-align=\"left\">Forme juridique :<\/th><td>SAS, soci\u00e9t\u00e9 par actions simplifi\u00e9e<\/td><\/tr><tr><th class=\"has-text-align-left\" data-align=\"left\">Num\u00e9ro de TVA:<\/th><td>FR17420389983<a href=\"https:\/\/ec.europa.eu\/taxation_customs\/vies\/?locale=fr\" target=\"_blank\" rel=\"noreferrer noopener\"><\/a><\/td><\/tr><tr><th class=\"has-text-align-left\" data-align=\"left\">Inscription au RCS :<\/th><td>INSCRIT (au greffe de CRETEIL , le 15\/02\/2010 )<\/td><\/tr><tr><th class=\"has-text-align-left\" data-align=\"left\">Inscription au RNE :<\/th><td>INSCRIT (le 15\/02\/2010)<\/td><\/tr><tr><th class=\"has-text-align-left\" data-align=\"left\">Num\u00e9ro RCS :<\/th><td>420 389 983 R.C.S. Creteil<\/td><\/tr><tr><th class=\"has-text-align-left\" data-align=\"left\">Capital social :<\/th><td>116 000,00 \u20ac<\/td><\/tr><\/tbody><\/table><\/figure>\n<\/div><figure class=\"wp-block-media-text__media\" style=\"background-image:url(https:\/\/www.paris-caviar.fr\/wp-content\/uploads\/2024\/10\/renseignements-1024x536.jpeg);background-position:50% 50%\"><img loading=\"lazy\" decoding=\"async\" width=\"1024\" height=\"536\" src=\"https:\/\/www.paris-caviar.fr\/wp-content\/uploads\/2024\/10\/renseignements-1024x536.jpeg\" alt=\"\" class=\"wp-image-1038 size-full\" srcset=\"https:\/\/www.paris-caviar.fr\/wp-content\/uploads\/2024\/10\/renseignements-1024x536.jpeg 1024w, https:\/\/www.paris-caviar.fr\/wp-content\/uploads\/2024\/10\/renseignements-300x157.jpeg 300w, https:\/\/www.paris-caviar.fr\/wp-content\/uploads\/2024\/10\/renseignements-768x402.jpeg 768w, https:\/\/www.paris-caviar.fr\/wp-content\/uploads\/2024\/10\/renseignements-1536x804.jpeg 1536w, https:\/\/www.paris-caviar.fr\/wp-content\/uploads\/2024\/10\/renseignements-2048x1072.jpeg 2048w, https:\/\/www.paris-caviar.fr\/wp-content\/uploads\/2024\/10\/renseignements-1920x1005.jpeg 1920w\" sizes=\"auto, (max-width: 1024px) 100vw, 1024px\" \/><\/figure><\/div>\n","protected":false},"excerpt":{"rendered":"<p>Paris Caviar depuis 1998 Paris Caviar, fond\u00e9e en 1998, est une soci\u00e9t\u00e9 bas\u00e9e \u00e0 Rungis sp\u00e9cialis\u00e9e dans la commercialisation et la distribution de produits de la mer en France et&hellip;<\/p>\n","protected":false},"author":1,"featured_media":0,"parent":0,"menu_order":0,"comment_status":"closed","ping_status":"closed","template":"template-full-width.php","meta":{"footnotes":""},"class_list":["post-35","page","type-page","status-publish","hentry"],"_links":{"self":[{"href":"https:\/\/www.paris-caviar.fr\/index.php?rest_route=\/wp\/v2\/pages\/35","targetHints":{"allow":["GET"]}}],"collection":[{"href":"https:\/\/www.paris-caviar.fr\/index.php?rest_route=\/wp\/v2\/pages"}],"about":[{"href":"https:\/\/www.paris-caviar.fr\/index.php?rest_route=\/wp\/v2\/types\/page"}],"author":[{"embeddable":true,"href":"https:\/\/www.paris-caviar.fr\/index.php?rest_route=\/wp\/v2\/users\/1"}],"replies":[{"embeddable":true,"href":"https:\/\/www.paris-caviar.fr\/index.php?rest_route=%2Fwp%2Fv2%2Fcomments&post=35"}],"version-history":[{"count":148,"href":"https:\/\/www.paris-caviar.fr\/index.php?rest_route=\/wp\/v2\/pages\/35\/revisions"}],"predecessor-version":[{"id":1071,"href":"https:\/\/www.paris-caviar.fr\/index.php?rest_route=\/wp\/v2\/pages\/35\/revisions\/1071"}],"wp:attachment":[{"href":"https:\/\/www.paris-caviar.fr\/index.php?rest_route=%2Fwp%2Fv2%2Fmedia&parent=35"}],"curies":[{"name":"wp","href":"https:\/\/api.w.org\/{rel}","templated":true}]}}